{"id":2,"date":"2023-11-30T20:58:37","date_gmt":"2023-11-30T19:58:37","guid":{"rendered":"http:\/\/dev.ludivinedeprince.com\/?page_id=2"},"modified":"2023-12-23T15:33:19","modified_gmt":"2023-12-23T14:33:19","slug":"page-d-exemple","status":"publish","type":"page","link":"https:\/\/dev.ludivinedeprince.com\/","title":{"rendered":"Pr\u00e9sentation"},"content":{"rendered":"\n<div class=\"wp-block-columns is-layout-flex wp-container-core-columns-is-layout-9d6595d7 wp-block-columns-is-layout-flex\">\n<div class=\"wp-block-column is-layout-flow wp-block-column-is-layout-flow\" style=\"flex-basis:66.66%\">\n<figure class=\"wp-block-image size-full is-resized is-style-default align-right souligne\"><img loading=\"lazy\" decoding=\"async\" width=\"590\" height=\"229\" src=\"https:\/\/dev.ludivinedeprince.com\/wp-content\/uploads\/2023\/12\/3-piliers.png\" alt=\"\" class=\"wp-image-253\" style=\"width:393px;height:auto\" srcset=\"https:\/\/dev.ludivinedeprince.com\/wp-content\/uploads\/2023\/12\/3-piliers.png 590w, https:\/\/dev.ludivinedeprince.com\/wp-content\/uploads\/2023\/12\/3-piliers-300x116.png 300w\" sizes=\"auto, (max-width: 590px) 100vw, 590px\" \/><\/figure>\n<\/div>\n\n\n\n<div class=\"wp-block-column is-layout-flow wp-block-column-is-layout-flow\" style=\"flex-basis:33.33%\">\n<figure class=\"wp-block-image size-medium is-resized is-style-rounded align-right\"><img loading=\"lazy\" decoding=\"async\" width=\"266\" height=\"300\" src=\"https:\/\/dev.ludivinedeprince.com\/wp-content\/uploads\/2023\/12\/perso_profil-266x300.jpeg\" alt=\"\" class=\"wp-image-76\" style=\"width:114px;height:auto\" srcset=\"https:\/\/dev.ludivinedeprince.com\/wp-content\/uploads\/2023\/12\/perso_profil-266x300.jpeg 266w, https:\/\/dev.ludivinedeprince.com\/wp-content\/uploads\/2023\/12\/perso_profil-909x1024.jpeg 909w, https:\/\/dev.ludivinedeprince.com\/wp-content\/uploads\/2023\/12\/perso_profil-768x865.jpeg 768w, https:\/\/dev.ludivinedeprince.com\/wp-content\/uploads\/2023\/12\/perso_profil.jpeg 955w\" sizes=\"auto, (max-width: 266px) 100vw, 266px\" \/><\/figure>\n<\/div>\n<\/div>\n\n\n\n<div class=\"wp-block-columns are-vertically-aligned-center is-layout-flex wp-container-core-columns-is-layout-9d6595d7 wp-block-columns-is-layout-flex\">\n<div class=\"wp-block-column is-vertically-aligned-center is-layout-flow wp-block-column-is-layout-flow\">\n<div class=\"wp-block-group is-vertical is-content-justification-center is-layout-flex wp-container-core-group-is-layout-73a99bce wp-block-group-is-layout-flex\">\n<figure class=\"wp-block-image size-full is-resized\"><img loading=\"lazy\" decoding=\"async\" width=\"329\" height=\"269\" src=\"https:\/\/dev.ludivinedeprince.com\/wp-content\/uploads\/2023\/12\/Professionnel.png\" alt=\"\" class=\"wp-image-246\" style=\"object-fit:cover;width:212px;height:250px\" srcset=\"https:\/\/dev.ludivinedeprince.com\/wp-content\/uploads\/2023\/12\/Professionnel.png 329w, https:\/\/dev.ludivinedeprince.com\/wp-content\/uploads\/2023\/12\/Professionnel-300x245.png 300w\" sizes=\"auto, (max-width: 329px) 100vw, 329px\" \/><\/figure>\n\n\n\n<p><a href=\"#pensee_visuelle\" data-type=\"internal\" data-id=\"#pensee_visuelle\">Pens\u00e9e Visuelle<\/a><\/p>\n<\/div>\n<\/div>\n\n\n\n<div class=\"wp-block-column is-vertically-aligned-center is-layout-flow wp-block-column-is-layout-flow\">\n<div class=\"wp-block-group is-vertical is-content-justification-center is-layout-flex wp-container-core-group-is-layout-73a99bce wp-block-group-is-layout-flex\">\n<figure class=\"wp-block-image size-full is-resized\"><img loading=\"lazy\" decoding=\"async\" width=\"239\" height=\"216\" src=\"https:\/\/dev.ludivinedeprince.com\/wp-content\/uploads\/2023\/12\/Relationnel.png\" alt=\"\" class=\"wp-image-247\" style=\"width:auto;height:250px\"\/><\/figure>\n\n\n\n<p><a href=\"#photographie\" data-type=\"internal\" data-id=\"#photographie\">Photographie d&rsquo;animaux de compagnie<\/a><\/p>\n<\/div>\n<\/div>\n\n\n\n<div class=\"wp-block-column is-vertically-aligned-center is-layout-flow wp-block-column-is-layout-flow\">\n<div class=\"wp-block-group is-vertical is-content-justification-center is-layout-flex wp-container-core-group-is-layout-73a99bce wp-block-group-is-layout-flex\">\n<figure class=\"wp-block-image size-full is-resized\"><img loading=\"lazy\" decoding=\"async\" width=\"243\" height=\"232\" src=\"https:\/\/dev.ludivinedeprince.com\/wp-content\/uploads\/2023\/12\/Personnel.png\" alt=\"\" class=\"wp-image-245\" style=\"width:auto;height:250px\"\/><\/figure>\n\n\n\n<p><a href=\"#lecture_energetique\" data-type=\"internal\" data-id=\"#lecture_energetique\">Lecture \u00e9nerg\u00e9tique<\/a><\/p>\n<\/div>\n<\/div>\n<\/div>\n\n\n\n<p class=\"paragraphe_separation\">   <\/p>\n\n\n\n<div class=\"wp-block-columns sur_impression is-layout-flex wp-container-core-columns-is-layout-9d6595d7 wp-block-columns-is-layout-flex\">\n<div class=\"wp-block-column is-vertically-aligned-center is-layout-flow wp-block-column-is-layout-flow\">\n<div class=\"wp-block-group is-vertical is-layout-flex wp-container-core-group-is-layout-76a81b31 wp-block-group-is-layout-flex\">\n<h2 class=\"wp-block-heading\" id=\"pensee_visuelle\"><a href=\"https:\/\/dev.ludivinedeprince.com\/index.php\/sketchnoting\/\" data-type=\"page\" data-id=\"91\">Pens\u00e9e Visuelle<\/a><\/h2>\n\n\n\n<p class=\"presentation_paragraphe_description\">Transformer vos communications en exp\u00e9riences m\u00e9morables gr\u00e2ce \u00e0 des illustrations captivantes pour toucher et fid\u00e9liser votre client\u00e8le<\/p>\n<\/div>\n<\/div>\n\n\n\n<div class=\"wp-block-column is-vertically-aligned-center is-layout-flow wp-block-column-is-layout-flow\">\n<figure class=\"wp-block-image size-large\"><a href=\"https:\/\/dev.ludivinedeprince.com\/index.php\/sketchnoting\/\"><img loading=\"lazy\" decoding=\"async\" width=\"1024\" height=\"768\" src=\"https:\/\/dev.ludivinedeprince.com\/wp-content\/uploads\/2023\/12\/231113_plaquette_Pensee_Visuelle-1024x768.jpg\" alt=\"\" class=\"wp-image-249\" srcset=\"https:\/\/dev.ludivinedeprince.com\/wp-content\/uploads\/2023\/12\/231113_plaquette_Pensee_Visuelle-1024x768.jpg 1024w, https:\/\/dev.ludivinedeprince.com\/wp-content\/uploads\/2023\/12\/231113_plaquette_Pensee_Visuelle-300x225.jpg 300w, https:\/\/dev.ludivinedeprince.com\/wp-content\/uploads\/2023\/12\/231113_plaquette_Pensee_Visuelle-768x576.jpg 768w, https:\/\/dev.ludivinedeprince.com\/wp-content\/uploads\/2023\/12\/231113_plaquette_Pensee_Visuelle-1536x1151.jpg 1536w, https:\/\/dev.ludivinedeprince.com\/wp-content\/uploads\/2023\/12\/231113_plaquette_Pensee_Visuelle-2048x1535.jpg 2048w\" sizes=\"auto, (max-width: 1024px) 100vw, 1024px\" \/><\/a><\/figure>\n<\/div>\n<\/div>\n\n\n\n<div class=\"wp-block-columns sur_impression is-layout-flex wp-container-core-columns-is-layout-9d6595d7 wp-block-columns-is-layout-flex\">\n<div class=\"wp-block-column is-layout-flow wp-block-column-is-layout-flow\">\n<figure class=\"wp-block-image size-large\"><a href=\"https:\/\/dev.ludivinedeprince.com\/index.php\/sketshooting\/\"><img loading=\"lazy\" decoding=\"async\" width=\"1024\" height=\"683\" src=\"https:\/\/dev.ludivinedeprince.com\/wp-content\/uploads\/2023\/12\/M4A0009-1024x683.jpg\" alt=\"\" class=\"wp-image-52\" srcset=\"https:\/\/dev.ludivinedeprince.com\/wp-content\/uploads\/2023\/12\/M4A0009-1024x683.jpg 1024w, https:\/\/dev.ludivinedeprince.com\/wp-content\/uploads\/2023\/12\/M4A0009-300x200.jpg 300w, https:\/\/dev.ludivinedeprince.com\/wp-content\/uploads\/2023\/12\/M4A0009-768x512.jpg 768w, https:\/\/dev.ludivinedeprince.com\/wp-content\/uploads\/2023\/12\/M4A0009.jpg 1500w\" sizes=\"auto, (max-width: 1024px) 100vw, 1024px\" \/><\/a><\/figure>\n<\/div>\n\n\n\n<div class=\"wp-block-column is-vertically-aligned-center is-layout-flow wp-block-column-is-layout-flow\">\n<div class=\"wp-block-group is-vertical is-layout-flex wp-container-core-group-is-layout-76a81b31 wp-block-group-is-layout-flex\">\n<h2 class=\"wp-block-heading\" id=\"photographie\"><a href=\"https:\/\/dev.ludivinedeprince.com\/index.php\/sketshooting\/\" data-type=\"page\" data-id=\"152\">Photographie d&rsquo;animaux de compagnie<\/a><\/h2>\n\n\n\n<p class=\"presentation_paragraphe_description\">Capturer et sublimer votre lien d&rsquo;amour et de complicit\u00e9 avec votre animal \u00e0 travers des photographies intemporelles<\/p>\n<\/div>\n<\/div>\n<\/div>\n\n\n\n<div class=\"wp-block-columns sur_impression is-layout-flex wp-container-core-columns-is-layout-9d6595d7 wp-block-columns-is-layout-flex\">\n<div class=\"wp-block-column is-vertically-aligned-center is-layout-flow wp-block-column-is-layout-flow\">\n<div class=\"wp-block-group is-vertical is-layout-flex wp-container-core-group-is-layout-76a81b31 wp-block-group-is-layout-flex\">\n<h2 class=\"wp-block-heading\" id=\"lecture_energetique\"><a href=\"https:\/\/dev.ludivinedeprince.com\/index.php\/lecture-energetique\/\" data-type=\"page\" data-id=\"175\">Lecture \u00e9nerg\u00e9tique<\/a><\/h2>\n\n\n\n<p class=\"presentation_paragraphe_description\">M\u00e9tamorphoser vos blocages en une nouvelle prise de conscience pour concr\u00e9tiser vos projets gr\u00e2ce \u00e0 la lecture \u00e9nerg\u00e9tique.<\/p>\n<\/div>\n<\/div>\n\n\n\n<div class=\"wp-block-column is-vertically-aligned-center is-layout-flow wp-block-column-is-layout-flow\">\n<figure class=\"wp-block-image size-full\"><a href=\"https:\/\/dev.ludivinedeprince.com\/index.php\/lecture-energetique\/\"><img loading=\"lazy\" decoding=\"async\" width=\"243\" height=\"232\" src=\"https:\/\/dev.ludivinedeprince.com\/wp-content\/uploads\/2023\/12\/Personnel.png\" alt=\"\" class=\"wp-image-245\"\/><\/a><\/figure>\n<\/div>\n<\/div>\n","protected":false},"excerpt":{"rendered":"<p>Pens\u00e9e Visuelle Photographie d&rsquo;animaux de compagnie Lecture \u00e9nerg\u00e9tique Pens\u00e9e Visuelle Transformer vos communications en exp\u00e9riences m\u00e9morables gr\u00e2ce \u00e0 des illustrations captivantes pour toucher et fid\u00e9liser votre client\u00e8le Photographie d&rsquo;animaux de compagnie Capturer et sublimer votre lien d&rsquo;amour et de complicit\u00e9 avec votre animal \u00e0 travers des photographies intemporelles Lecture \u00e9nerg\u00e9tique M\u00e9tamorphoser vos blocages en une [&hellip;]<\/p>\n","protected":false},"author":1,"featured_media":0,"parent":0,"menu_order":0,"comment_status":"closed","ping_status":"open","template":"","meta":{"footnotes":""},"class_list":["post-2","page","type-page","status-publish","hentry"],"_links":{"self":[{"href":"https:\/\/dev.ludivinedeprince.com\/index.php\/wp-json\/wp\/v2\/pages\/2","targetHints":{"allow":["GET"]}}],"collection":[{"href":"https:\/\/dev.ludivinedeprince.com\/index.php\/wp-json\/wp\/v2\/pages"}],"about":[{"href":"https:\/\/dev.ludivinedeprince.com\/index.php\/wp-json\/wp\/v2\/types\/page"}],"author":[{"embeddable":true,"href":"https:\/\/dev.ludivinedeprince.com\/index.php\/wp-json\/wp\/v2\/users\/1"}],"replies":[{"embeddable":true,"href":"https:\/\/dev.ludivinedeprince.com\/index.php\/wp-json\/wp\/v2\/comments?post=2"}],"version-history":[{"count":69,"href":"https:\/\/dev.ludivinedeprince.com\/index.php\/wp-json\/wp\/v2\/pages\/2\/revisions"}],"predecessor-version":[{"id":371,"href":"https:\/\/dev.ludivinedeprince.com\/index.php\/wp-json\/wp\/v2\/pages\/2\/revisions\/371"}],"wp:attachment":[{"href":"https:\/\/dev.ludivinedeprince.com\/index.php\/wp-json\/wp\/v2\/media?parent=2"}],"curies":[{"name":"wp","href":"https:\/\/api.w.org\/{rel}","templated":true}]}}